{"id":67,"date":"2017-12-09T10:50:31","date_gmt":"2017-12-09T09:50:31","guid":{"rendered":"http:\/\/showlight.nl\/expedition\/?page_id=67"},"modified":"2023-03-31T12:29:38","modified_gmt":"2023-03-31T10:29:38","slug":"team-showlight","status":"publish","type":"page","link":"https:\/\/showlight.nl\/expedition\/team-showlight\/","title":{"rendered":"Team Showlight"},"content":{"rendered":"<p><strong>Our mission \/ unsere Aufgabe \/ onze missie:<\/strong><br \/>\nSee the Northern light and reach the Nordkapp by car in the winter.<br \/>\nDas Nordlicht sehen und mit dem Auto die Nordkapp erreichen.<br \/>\nHet Noorderlicht zien en de Noordkaap bereiken per auto.<\/p>\n<p><strong>Our vision \/ unsere Vision \/ Visie:<\/strong><br \/>\nHaving fun during an unforgettable expedition.\u00a0Our commitment to a good cause<br \/>\nSpa\u00df haben bei einer unvergesslichen Expedition. Unterst\u00fctzung f\u00fcr Essensverteilung an die Armen<br \/>\nGenieten van de prachtige omgevingen en ondersteunen van lokale initiatieven.<\/p>\n<p><strong>The 2 members of Team Showlight:<\/strong><\/p>\n<p>Name: Willem van der Voort<br \/>\nBirth: 1971<br \/>\nPlace: Winssen, The Netherlands<br \/>\nEmployment: owner of Showlight B.V. Rental company of lighting for events<br \/>\nHis car: Aston Martin DB9<\/p>\n<p>Name: Peter van Swam<br \/>\nBirth: 1970<br \/>\nPlace: Druten, The Netherlands<br \/>\nEmployment: meganic and Showlight B.V.<br \/>\nHis car: Saab (different models)<\/p>\n","protected":false},"excerpt":{"rendered":"<p>Our mission \/ unsere Aufgabe \/ onze missie: See the Northern light and reach the Nordkapp by car in the winter. Das Nordlicht sehen und mit dem Auto die Nordkapp erreichen. Het Noorderlicht zien en de Noordkaap bereiken per auto. Our vision \/ unsere Vision \/ Visie: Having fun during an unforgettable expedition.\u00a0Our commitment to [&hellip;]<\/p>\n","protected":false},"author":1,"featured_media":0,"parent":0,"menu_order":0,"comment_status":"closed","ping_status":"closed","template":"","meta":{"jetpack_post_was_ever_published":false,"footnotes":""},"class_list":["post-67","page","type-page","status-publish","hentry"],"yoast_head":"<!-- This site is optimized with the Yoast SEO plugin v27.3 - https:\/\/yoast.com\/product\/yoast-seo-wordpress\/ -->\n<title>Team Showlight - Showlight Expedition<\/title>\n<meta name=\"robots\" content=\"index, follow, max-snippet:-1, max-image-preview:large, max-video-preview:-1\" \/>\n<link rel=\"canonical\" href=\"https:\/\/showlight.nl\/expedition\/team-showlight\/\" \/>\n<meta property=\"og:locale\" content=\"nl_NL\" \/>\n<meta property=\"og:type\" content=\"article\" \/>\n<meta property=\"og:title\" content=\"Team Showlight - Showlight Expedition\" \/>\n<meta property=\"og:description\" content=\"Our mission \/ unsere Aufgabe \/ onze missie: See the Northern light and reach the Nordkapp by car in the winter. Das Nordlicht sehen und mit dem Auto die Nordkapp erreichen. Het Noorderlicht zien en de Noordkaap bereiken per auto. Our vision \/ unsere Vision \/ Visie: Having fun during an unforgettable expedition.\u00a0Our commitment to [&hellip;]\" \/>\n<meta property=\"og:url\" content=\"https:\/\/showlight.nl\/expedition\/team-showlight\/\" \/>\n<meta property=\"og:site_name\" content=\"Showlight Expedition\" \/>\n<meta property=\"article:publisher\" content=\"http:\/\/www.facebook.com\/showlight.expedition\" \/>\n<meta property=\"article:modified_time\" content=\"2023-03-31T10:29:38+00:00\" \/>\n<meta name=\"twitter:card\" content=\"summary_large_image\" \/>\n<meta name=\"twitter:label1\" content=\"Geschatte leestijd\" \/>\n\t<meta name=\"twitter:data1\" content=\"1 minuut\" \/>\n<script type=\"application\/ld+json\" class=\"yoast-schema-graph\">{\"@context\":\"https:\\\/\\\/schema.org\",\"@graph\":[{\"@type\":\"WebPage\",\"@id\":\"https:\\\/\\\/showlight.nl\\\/expedition\\\/team-showlight\\\/\",\"url\":\"https:\\\/\\\/showlight.nl\\\/expedition\\\/team-showlight\\\/\",\"name\":\"Team Showlight - Showlight Expedition\",\"isPartOf\":{\"@id\":\"https:\\\/\\\/showlight.nl\\\/expedition\\\/#website\"},\"datePublished\":\"2017-12-09T09:50:31+00:00\",\"dateModified\":\"2023-03-31T10:29:38+00:00\",\"breadcrumb\":{\"@id\":\"https:\\\/\\\/showlight.nl\\\/expedition\\\/team-showlight\\\/#breadcrumb\"},\"inLanguage\":\"nl-NL\",\"potentialAction\":[{\"@type\":\"ReadAction\",\"target\":[\"https:\\\/\\\/showlight.nl\\\/expedition\\\/team-showlight\\\/\"]}]},{\"@type\":\"BreadcrumbList\",\"@id\":\"https:\\\/\\\/showlight.nl\\\/expedition\\\/team-showlight\\\/#breadcrumb\",\"itemListElement\":[{\"@type\":\"ListItem\",\"position\":1,\"name\":\"Home\",\"item\":\"https:\\\/\\\/showlight.nl\\\/expedition\\\/\"},{\"@type\":\"ListItem\",\"position\":2,\"name\":\"Team Showlight\"}]},{\"@type\":\"WebSite\",\"@id\":\"https:\\\/\\\/showlight.nl\\\/expedition\\\/#website\",\"url\":\"https:\\\/\\\/showlight.nl\\\/expedition\\\/\",\"name\":\"Showlight Expedition\",\"description\":\"The Arctic round trip\",\"publisher\":{\"@id\":\"https:\\\/\\\/showlight.nl\\\/expedition\\\/#organization\"},\"potentialAction\":[{\"@type\":\"SearchAction\",\"target\":{\"@type\":\"EntryPoint\",\"urlTemplate\":\"https:\\\/\\\/showlight.nl\\\/expedition\\\/?s={search_term_string}\"},\"query-input\":{\"@type\":\"PropertyValueSpecification\",\"valueRequired\":true,\"valueName\":\"search_term_string\"}}],\"inLanguage\":\"nl-NL\"},{\"@type\":\"Organization\",\"@id\":\"https:\\\/\\\/showlight.nl\\\/expedition\\\/#organization\",\"name\":\"Showlight Expedition\",\"url\":\"https:\\\/\\\/showlight.nl\\\/expedition\\\/\",\"logo\":{\"@type\":\"ImageObject\",\"inLanguage\":\"nl-NL\",\"@id\":\"https:\\\/\\\/showlight.nl\\\/expedition\\\/#\\\/schema\\\/logo\\\/image\\\/\",\"url\":\"https:\\\/\\\/showlight.nl\\\/expedition\\\/wp-content\\\/uploads\\\/2020\\\/08\\\/logo.bmp\",\"contentUrl\":\"https:\\\/\\\/showlight.nl\\\/expedition\\\/wp-content\\\/uploads\\\/2020\\\/08\\\/logo.bmp\",\"width\":1137,\"height\":317,\"caption\":\"Showlight Expedition\"},\"image\":{\"@id\":\"https:\\\/\\\/showlight.nl\\\/expedition\\\/#\\\/schema\\\/logo\\\/image\\\/\"},\"sameAs\":[\"http:\\\/\\\/www.facebook.com\\\/showlight.expedition\",\"http:\\\/\\\/www.instagram.com\\\/showlightnl\"]}]}<\/script>\n<!-- \/ Yoast SEO plugin. -->","yoast_head_json":{"title":"Team Showlight - Showlight Expedition","robots":{"index":"index","follow":"follow","max-snippet":"max-snippet:-1","max-image-preview":"max-image-preview:large","max-video-preview":"max-video-preview:-1"},"canonical":"https:\/\/showlight.nl\/expedition\/team-showlight\/","og_locale":"nl_NL","og_type":"article","og_title":"Team Showlight - Showlight Expedition","og_description":"Our mission \/ unsere Aufgabe \/ onze missie: See the Northern light and reach the Nordkapp by car in the winter. Das Nordlicht sehen und mit dem Auto die Nordkapp erreichen. Het Noorderlicht zien en de Noordkaap bereiken per auto. Our vision \/ unsere Vision \/ Visie: Having fun during an unforgettable expedition.\u00a0Our commitment to [&hellip;]","og_url":"https:\/\/showlight.nl\/expedition\/team-showlight\/","og_site_name":"Showlight Expedition","article_publisher":"http:\/\/www.facebook.com\/showlight.expedition","article_modified_time":"2023-03-31T10:29:38+00:00","twitter_card":"summary_large_image","twitter_misc":{"Geschatte leestijd":"1 minuut"},"schema":{"@context":"https:\/\/schema.org","@graph":[{"@type":"WebPage","@id":"https:\/\/showlight.nl\/expedition\/team-showlight\/","url":"https:\/\/showlight.nl\/expedition\/team-showlight\/","name":"Team Showlight - Showlight Expedition","isPartOf":{"@id":"https:\/\/showlight.nl\/expedition\/#website"},"datePublished":"2017-12-09T09:50:31+00:00","dateModified":"2023-03-31T10:29:38+00:00","breadcrumb":{"@id":"https:\/\/showlight.nl\/expedition\/team-showlight\/#breadcrumb"},"inLanguage":"nl-NL","potentialAction":[{"@type":"ReadAction","target":["https:\/\/showlight.nl\/expedition\/team-showlight\/"]}]},{"@type":"BreadcrumbList","@id":"https:\/\/showlight.nl\/expedition\/team-showlight\/#breadcrumb","itemListElement":[{"@type":"ListItem","position":1,"name":"Home","item":"https:\/\/showlight.nl\/expedition\/"},{"@type":"ListItem","position":2,"name":"Team Showlight"}]},{"@type":"WebSite","@id":"https:\/\/showlight.nl\/expedition\/#website","url":"https:\/\/showlight.nl\/expedition\/","name":"Showlight Expedition","description":"The Arctic round trip","publisher":{"@id":"https:\/\/showlight.nl\/expedition\/#organization"},"potentialAction":[{"@type":"SearchAction","target":{"@type":"EntryPoint","urlTemplate":"https:\/\/showlight.nl\/expedition\/?s={search_term_string}"},"query-input":{"@type":"PropertyValueSpecification","valueRequired":true,"valueName":"search_term_string"}}],"inLanguage":"nl-NL"},{"@type":"Organization","@id":"https:\/\/showlight.nl\/expedition\/#organization","name":"Showlight Expedition","url":"https:\/\/showlight.nl\/expedition\/","logo":{"@type":"ImageObject","inLanguage":"nl-NL","@id":"https:\/\/showlight.nl\/expedition\/#\/schema\/logo\/image\/","url":"https:\/\/showlight.nl\/expedition\/wp-content\/uploads\/2020\/08\/logo.bmp","contentUrl":"https:\/\/showlight.nl\/expedition\/wp-content\/uploads\/2020\/08\/logo.bmp","width":1137,"height":317,"caption":"Showlight Expedition"},"image":{"@id":"https:\/\/showlight.nl\/expedition\/#\/schema\/logo\/image\/"},"sameAs":["http:\/\/www.facebook.com\/showlight.expedition","http:\/\/www.instagram.com\/showlightnl"]}]}},"jetpack_sharing_enabled":true,"jetpack_shortlink":"https:\/\/wp.me\/P9njBA-15","jetpack_likes_enabled":true,"_links":{"self":[{"href":"https:\/\/showlight.nl\/expedition\/wp-json\/wp\/v2\/pages\/67","targetHints":{"allow":["GET"]}}],"collection":[{"href":"https:\/\/showlight.nl\/expedition\/wp-json\/wp\/v2\/pages"}],"about":[{"href":"https:\/\/showlight.nl\/expedition\/wp-json\/wp\/v2\/types\/page"}],"author":[{"embeddable":true,"href":"https:\/\/showlight.nl\/expedition\/wp-json\/wp\/v2\/users\/1"}],"replies":[{"embeddable":true,"href":"https:\/\/showlight.nl\/expedition\/wp-json\/wp\/v2\/comments?post=67"}],"version-history":[{"count":8,"href":"https:\/\/showlight.nl\/expedition\/wp-json\/wp\/v2\/pages\/67\/revisions"}],"predecessor-version":[{"id":553,"href":"https:\/\/showlight.nl\/expedition\/wp-json\/wp\/v2\/pages\/67\/revisions\/553"}],"wp:attachment":[{"href":"https:\/\/showlight.nl\/expedition\/wp-json\/wp\/v2\/media?parent=67"}],"curies":[{"name":"wp","href":"https:\/\/api.w.org\/{rel}","templated":true}]}}